{"id":1909,"date":"2025-02-24T23:58:03","date_gmt":"2025-02-24T22:58:03","guid":{"rendered":"https:\/\/smile-secret.pl\/supp\/?post_type=product&#038;p=1909"},"modified":"2025-02-28T11:15:59","modified_gmt":"2025-02-28T10:15:59","slug":"slimdropico","status":"publish","type":"product","link":"https:\/\/smile-secret.pl\/supp\/slimdropico\/","title":{"rendered":"Slimdropico"},"content":{"rendered":"\n<h2 class=\"wp-block-heading\">Co to jest Slimdropico i jak dzia\u0142a?<\/h2>\n\n\n\n<p>Slimdropico to innowacyjny suplement w formie p\u0142ynnej, kt\u00f3ry bez trudu przyswaja si\u0119 w organizmie, co czyni go bardziej efektywnym ni\u017c tradycyjne tabletki. Jego <b>dzia\u0142anie Slimdropico<\/b> opiera si\u0119 na czterech kluczowych mechanizmach. Po pierwsze, suplement skutecznie blokuje wch\u0142anianie t\u0142uszczu. Po drugie, przyspiesza spalanie istniej\u0105cej tkanki t\u0142uszczowej. Trzecim aspektem jest redukcja apetytu, co ogranicza nadmierne spo\u017cycie kalorii. Po czwarte, Slimdropico wspomaga trawienie, poprawiaj\u0105c metabolizm organizmu.<\/p>\n\n\n\n<p>W sk\u0142ad sk\u0142adnik\u00f3w Slimdropico wchodz\u0105 naturalne ekstrakty, kt\u00f3re pozytywnie wp\u0142ywaj\u0105 na proces odchudzania. Ekstrakt z yerba mate jest jednym z najwa\u017cniejszych sk\u0142adnik\u00f3w, potwierdzonym badaniami klinicznymi z 2015 roku, kt\u00f3re wykaza\u0142y jego wp\u0142yw na redukcj\u0119 wagi oraz obni\u017cenie tkanki t\u0142uszczowej. Zawarto\u015b\u0107 imbiru sprzyja zdrowemu funkcjonowaniu uk\u0142adu pokarmowego oraz wspomaga obni\u017cenie lipid\u00f3w. Z kolei korze\u0144 lubczyka ogrodowego u\u0142atwia eliminacj\u0119 toksyn, co po\u015brednio wspiera <b>dzia\u0142anie Slimdropico<\/b> w kontek\u015bcie odchudzania. Ponadto, zio\u0142a takie jak mniszek lekarski czy sza\u0142wia lekarska poprawiaj\u0105 wyniki zwi\u0105zane z mas\u0105 cia\u0142a i zdrowiem metabolicznym.<\/p>\n\n\n\n<p>Dzi\u0119ki unikalnemu mechanizmowi wok\u00f3\u0142 odchudzania oraz starannie dobranym sk\u0142adnikom, Slimdropico mo\u017ce przyczyni\u0107 si\u0119 do osi\u0105gni\u0119cia zamierzonych cel\u00f3w zwi\u0105zanych z redukcj\u0105 masy cia\u0142a i lepszym samopoczuciem.<\/p>\n\n\n\n<h2 class=\"wp-block-heading\">Efekty stosowania Slimdropico<\/h2>\n\n\n\n<p>Stosowanie Slimdropico przyczynia si\u0119 do znacz\u0105cej <em>redukcji wagi<\/em>, z wynikami si\u0119gaj\u0105cymi od 3 do 10 kg, co zale\u017cy od indywidualnych potrzeb u\u017cytkownik\u00f3w. Krople te skutecznie przyspieszaj\u0105 <em>spalanie t\u0142uszczu<\/em>, a tak\u017ce hamuj\u0105 \u0142aknienie, co prowadzi do zmniejszenia spo\u017cycia kalorii. U\u017cytkownicy zauwa\u017caj\u0105 zauwa\u017caln\u0105 popraw\u0119 samopoczucia dzi\u0119ki lepszemu trawieniu i eliminacji wzd\u0119\u0107.<\/p>\n\n\n\n<p>Preparat zawiera <b>naturalne sk\u0142adniki<\/b>, takie jak <em>yerba mate<\/em>, <em>imbir<\/em> oraz <em>mniszek lekarski<\/em>, kt\u00f3re wspieraj\u0105 <em>popraw\u0119 metabolizmu<\/em>. Yerba mate blokuje aktywno\u015b\u0107 lipazy trzustkowej, co mo\u017ce ograniczy\u0107 akumulacj\u0119 t\u0142uszczu w tkankach cia\u0142a. Imbir znany jest ze swojej zdolno\u015bci do zmniejszania \u0142aknienia, zw\u0142aszcza na niezdrowe przek\u0105ski, co przyczynia si\u0119 do szybszej utraty wagi.<\/p>\n\n\n\n<p>Testy przeprowadzone na preparacie potwierdzaj\u0105 jego skuteczno\u015b\u0107 i <b>bezpiecze\u0144stwo<\/b>. Pacjenci stosuj\u0105cy Slimdropico zg\u0142aszaj\u0105 znaczn\u0105 popraw\u0119 w zakresie regulacji apetytu oraz zauwa\u017caln\u0105 <em>redukcj\u0119 wagi<\/em> po regularnym u\u017cyciu. <b>Efekty Slimdropico<\/b> to nie tylko utrata kilogram\u00f3w, ale r\u00f3wnie\u017c lepsze samopoczucie i wzrost poziomu energii dzi\u0119ki dzia\u0142aniu sk\u0142adnik\u00f3w wspomagaj\u0105cych trawienie.<\/p>\n\n\n\n<h2 class=\"wp-block-heading\">Jak prawid\u0142owo stosowa\u0107 Slimdropico &#8211; Dawkowanie<\/h2>\n\n\n\n<p>Przy prawid\u0142owym stosowaniu Slimdropico kluczowe jest odpowiednie dawkowanie. Zgodnie z zaleceniami producenta, nale\u017cy przyjmowa\u0107 <em>20 kropli<\/em> dziennie. W celu maksymalizacji efekt\u00f3w, krople powinny by\u0107 rozpuszczane w <em>wodzie lub soku<\/em>. Rekomendowane jest r\u00f3wnie\u017c wstrz\u0105sanie buteleczki przed u\u017cyciem. Dzi\u0119ki temu <b>sk\u0142adniki<\/b> aktywne b\u0119d\u0105 dobrze wymieszane, co wp\u0142ywa na skuteczno\u015b\u0107 aplikacji kropli.<\/p>\n\n\n\n<p>Opr\u00f3cz g\u0142\u00f3wnego dawkowania, mo\u017cna dostosowa\u0107 <em>dawkowanie Slimdropico<\/em> w miar\u0119 post\u0119p\u00f3w w procesie odchudzania. Po osi\u0105gni\u0119ciu po\u017c\u0105danej wagi, mo\u017cliwe jest stosowanie mniejszych dawek, co dalej wspiera utrzymanie efekt\u00f3w. Precyzyjna pipeta dostarczona z produktem pozwala na dok\u0142adne dawkowanie, co jest niezwykle istotne dla osi\u0105gni\u0119cia po\u017c\u0105danych rezultat\u00f3w.<\/p>\n\n\n\n<ul class=\"wp-block-list\">\n<li>20 kropli dziennie<\/li>\n\n\n\n<li>Rozpuszcza\u0107 w wodzie lub soku<\/li>\n\n\n\n<li>Wstrzykn\u0105\u0107 przed u\u017cyciem<\/li>\n\n\n\n<li>Mo\u017cliwo\u015b\u0107 zmniejszenia dawkowania po osi\u0105gni\u0119ciu celu<\/li>\n<\/ul>\n\n\n\n<p>Regularna <em>aplikacja kropli<\/em> Slimdropico wspiera proces redukcji wagi oraz pomaga w utrzymaniu uczucia syto\u015bci. Odpowiednie stosowanie produktu ma kluczowe znaczenie dla jego efektywno\u015bci, dlatego warto przestrzega\u0107 wskaz\u00f3wek zawartych w ulotce. Dzialanie kropli w po\u0142\u0105czeniu z mo\u017cliwo\u015bci\u0105 indywidualnego dostosowania dawki czyni Slimdropico atrakcyjnym wyborem dla os\u00f3b pragn\u0105cych skutecznie zredukowa\u0107 swoj\u0105 wag\u0119.<\/p>\n\n\n\n<h2 class=\"wp-block-heading\">Slimdropico &#8211; Opinie i Recenzje &#8211; Co m\u00f3wi\u0105 u\u017cytkownicy?<\/h2>\n\n\n\n<p><b>Opinie Slimdropico<\/b> s\u0105 zr\u00f3\u017cnicowane, ale wiele recenzji u\u017cytkownik\u00f3w podkre\u015bla skuteczno\u015b\u0107 tego suplementu wprocesie odchudzania. Ocena skuteczno\u015bci Slimdropico wynosi 9,3\/10, co plasuje go znacznie wy\u017cej ni\u017c inne produkty na rynku, takie jak Idealica (6,1\/10) czy Eco Slim (6,0\/10).<\/p>\n\n\n\n<p>W\u015br\u00f3d klient\u00f3w, kt\u00f3rzy skorzystali z Slimdropico, wiele os\u00f3b zauwa\u017cy\u0142o pozytywne <b>efekty stosowania<\/b>. Przyk\u0142ady do\u015bwiadcze\u0144 u\u017cytkownik\u00f3w pokazuj\u0105, jak zmienia ono ich \u017cycie:<\/p>\n\n\n\n<ul class=\"wp-block-list\">\n<li><em>Anna:<\/em> Od momentu rozpocz\u0119cia kuracji zauwa\u017cy\u0142am redukcj\u0119 apetytu. Schud\u0142am 8 kg w miesi\u0105c.<\/li>\n\n\n\n<li><em>Krzysztof:<\/em> Sceptycznie podchodzi\u0142em do suplement\u00f3w, ale efekty skr\u00f3ci\u0142y moj\u0105 niepewno\u015b\u0107. Schud\u0142em 6 kg w pierwszym miesi\u0105cu.<\/li>\n\n\n\n<li><em>Monika:<\/em> Slimdropico pomog\u0142o mi w walce z chciwo\u015bci\u0105 na s\u0142odycze, co u\u0142atwi\u0142o odchudzanie.<\/li>\n<\/ul>\n\n\n\n<p>Wiele recenzji u\u017cytkownik\u00f3w koncentruje si\u0119 na zmniejszeniu apetytu oraz przyspieszeniu metabolizmu. <b>Efekty stosowania<\/b> mo\u017cna zauwa\u017cy\u0107 ju\u017c po kilku dniach, co zwi\u0119ksza motywacj\u0119 do kontynuowania kuracji. Opr\u00f3cz tego, <b>naturalne sk\u0142adniki<\/b> Slimdropico zdaj\u0105 si\u0119 zmniejsza\u0107 ryzyko alergii w\u015br\u00f3d os\u00f3b wra\u017cliwych.<\/p>\n\n\n\n<p><b>Opinie Slimdropico<\/b> ukazuj\u0105 je jako wygodn\u0105 alternatyw\u0119 dla tradycyjnych tabletek, kt\u00f3re bywaj\u0105 trudne do po\u0142kni\u0119cia. Klienci doceniaj\u0105 ten suplement za jego skuteczno\u015b\u0107 oraz skutki uboczne, kt\u00f3re najcz\u0119\u015bciej nie wyst\u0119puj\u0105 przy zachowaniu zalecanych dawek.<\/p>\n\n\n\n<h2 class=\"wp-block-heading\">Slimdropico &#8211; Sk\u0142ad &#8211; Co zawiera?<\/h2>\n\n\n\n<p>Slimdropico to produkt, kt\u00f3ry korzysta z <em>naturalnych sk\u0142adnik\u00f3w<\/em> w celu wspierania procesu odchudzania. Jego <em>sk\u0142ad Slimdropico<\/em> bazuje na wyci\u0105gach ro\u015blinnych, kt\u00f3re maj\u0105 potwierdzone dzia\u0142anie korzystne dla organizmu. Oto szczeg\u00f3\u0142y dotycz\u0105ce sk\u0142adnik\u00f3w znajduj\u0105cych si\u0119 w ka\u017cdej dziennej porcji:<\/p>\n\n\n\n<figure class=\"wp-block-table\"><table class=\"has-fixed-layout\"><tbody><tr><th>Sk\u0142adnik<\/th><th>Ilo\u015b\u0107 w dziennej porcji (20 kropli)<\/th><th>Ekstrakt Ro\u015blinny (DER 20:1)<\/th><\/tr><tr><td>Ekstrakt z li\u015bci ostrokrzewu paragwajskiego<\/td><td>40 mg<\/td><td>800 mg<\/td><\/tr><tr><td>Ekstrakt z k\u0142\u0105cza imbiru<\/td><td>20 mg<\/td><td>400 mg<\/td><\/tr><tr><td>Ekstrakt z li\u015bci mi\u0119ty pieprzowej<\/td><td>10 mg<\/td><td>200 mg<\/td><\/tr><tr><td>Ekstrakt z korzenia lubczyka ogrodowego<\/td><td>10 mg<\/td><td>200 mg<\/td><\/tr><tr><td>Ekstrakt z ziela i korzenia mniszka lekarskiego<\/td><td>10 mg<\/td><td>200 mg<\/td><\/tr><tr><td>Ekstrakt z ziela fio\u0142ka tr\u00f3jbarwnego<\/td><td>10 mg<\/td><td>200 mg<\/td><\/tr><tr><td>Ekstrakt z li\u015bci sza\u0142wii lekarskiej<\/td><td>10 mg<\/td><td>200 mg<\/td><\/tr><\/tbody><\/table><\/figure>\n\n\n\n<p>Ka\u017cdy z <em>wyci\u0105g\u00f3w ro\u015blinnych<\/em> w sk\u0142adzie Slimdropico dzia\u0142a synergicznie na redukcj\u0119 tkanki t\u0142uszczowej oraz wspomaga trawienie. Regularne stosowanie produktu mo\u017ce prowadzi\u0107 do odczuwania wi\u0119kszej syto\u015bci oraz \u0142agodzenia apetytu. W sk\u0142adzie znajduj\u0105 si\u0119 r\u00f3wnie\u017c substancje takie jak kofeina, kt\u00f3ra przyspiesza metabolizm. Zawarto\u015b\u0107 jednego opakowania wynosi 50 ml, a zalecana dawka to 20 kropli dziennie rozpuszczonych w wodzie lub soku.<\/p>\n\n\n\n<h2 class=\"wp-block-heading\">Gdzie kupi\u0107 i jaka jest cena Slimdropico?<\/h2>\n\n\n\n<p>Slimdropico mo\u017cna kupi\u0107 jedynie na stronie producenta, co gwarantuje jego autentyczno\u015b\u0107 i skuteczno\u015b\u0107. Producent cz\u0119sto organizuje promocje, kt\u00f3re obejmuj\u0105 rabaty na pojedyncze sztuki, korzystne pakiety przy wi\u0119kszych zam\u00f3wieniach oraz darmow\u0105 dostaw\u0119. Warto \u015bledzi\u0107 stron\u0119 regularnie, aby nie przegapi\u0107 okazji do zakupu w najlepszej cenie.<\/p>\n\n\n\n<h2 class=\"wp-block-heading\">Slimdropico &#8211; Skutki uboczne i przeciwwskazania &#8211; Czy jest bezpieczny?<\/h2>\n\n\n\n<p>Slimdropico, dzi\u0119ki swojemu naturalnemu sk\u0142adowi, jest uznawany za bezpieczny preparat wspieraj\u0105cy odchudzanie. Mimo to, nale\u017cy zwr\u00f3ci\u0107 uwag\u0119 na szczeg\u00f3lne <strong>przeciwwskazania<\/strong> jego stosowania. Preparat nie jest polecany dla kobiet w ci\u0105\u017cy oraz karmi\u0105cych, a tak\u017ce os\u00f3b z alergi\u0105 na kt\u00f3rykolwiek ze sk\u0142adnik\u00f3w zawartych w produkcie.<\/p>\n\n\n\n<p>Wa\u017cne jest, aby zawsze konsultowa\u0107 si\u0119 z lekarzem przed rozpocz\u0119ciem suplementacji Slimdropico, aby unikn\u0105\u0107 ewentualnych <strong>skutk\u00f3w ubocznych<\/strong> oraz interakcji z innymi lekami. <b>Bezpiecze\u0144stwo<\/b> stosowania tego produktu powinno by\u0107 priorytetem, zw\u0142aszcza w przypadku os\u00f3b z istniej\u0105cymi problemami zdrowotnymi.<\/p>\n\n\n\n<p>Podsumowuj\u0105c, mimo \u017ce Slimdropico jest cz\u0119sto chwalony za efektywno\u015b\u0107 w redukcji wagi i kontrolowaniu apetytu, zaleca si\u0119 dok\u0142adne zapoznanie si\u0119 z jego sk\u0142adnikami oraz skonsultowanie si\u0119 z lekarzem w celu zapewnienia optymalnego <strong>bezpiecze\u0144stwa<\/strong> przed rozpocz\u0119ciem kuracji.<\/p>\n","protected":false},"excerpt":{"rendered":"<p><strong>[date_countdown]<\/strong><\/p>\n","protected":false},"featured_media":1930,"comment_status":"open","ping_status":"closed","template":"","meta":{"neve_meta_sidebar":"","neve_meta_container":"","neve_meta_enable_content_width":"","neve_meta_content_width":0,"neve_meta_title_alignment":"","neve_meta_author_avatar":"","neve_post_elements_order":"","neve_meta_disable_header":"","neve_meta_disable_footer":"","neve_meta_disable_title":"","neve_meta_reading_time":""},"product_brand":[],"product_cat":[23],"product_tag":[],"class_list":{"0":"post-1909","1":"product","2":"type-product","3":"status-publish","4":"has-post-thumbnail","6":"product_cat-odchudzanie","8":"first","9":"instock","10":"sale","11":"shipping-taxable","12":"product-type-external"},"_links":{"self":[{"href":"https:\/\/smile-secret.pl\/supp\/wp-json\/wp\/v2\/product\/1909","targetHints":{"allow":["GET"]}}],"collection":[{"href":"https:\/\/smile-secret.pl\/supp\/wp-json\/wp\/v2\/product"}],"about":[{"href":"https:\/\/smile-secret.pl\/supp\/wp-json\/wp\/v2\/types\/product"}],"replies":[{"embeddable":true,"href":"https:\/\/smile-secret.pl\/supp\/wp-json\/wp\/v2\/comments?post=1909"}],"wp:featuredmedia":[{"embeddable":true,"href":"https:\/\/smile-secret.pl\/supp\/wp-json\/wp\/v2\/media\/1930"}],"wp:attachment":[{"href":"https:\/\/smile-secret.pl\/supp\/wp-json\/wp\/v2\/media?parent=1909"}],"wp:term":[{"taxonomy":"product_brand","embeddable":true,"href":"https:\/\/smile-secret.pl\/supp\/wp-json\/wp\/v2\/product_brand?post=1909"},{"taxonomy":"product_cat","embeddable":true,"href":"https:\/\/smile-secret.pl\/supp\/wp-json\/wp\/v2\/product_cat?post=1909"},{"taxonomy":"product_tag","embeddable":true,"href":"https:\/\/smile-secret.pl\/supp\/wp-json\/wp\/v2\/product_tag?post=1909"}],"curies":[{"name":"wp","href":"https:\/\/api.w.org\/{rel}","templated":true}]}}