{"id":1381,"date":"2024-05-21T10:28:58","date_gmt":"2024-05-21T09:28:58","guid":{"rendered":"https:\/\/zylaki-rzeszow.pl\/apt\/produkt\/normadex\/"},"modified":"2025-01-03T11:20:56","modified_gmt":"2025-01-03T10:20:56","slug":"normadex","status":"publish","type":"product","link":"https:\/\/smile-secret.pl\/supp\/normadex\/","title":{"rendered":"Normadex"},"content":{"rendered":"\n<h2 class=\"wp-block-heading\">Co to jest Normadex i jak dzia\u0142a?<\/h2>\n\n\n\n<p><b>Normadex<\/b> to <em>suplement<\/em> diety stworzony z my\u015bl\u0105 o oczyszczaniu organizmu z paso\u017cyt\u00f3w oraz wspieraniu <em>systemu odporno\u015bciowego<\/em>. Jego unikalny sk\u0142ad oparty jest wy\u0142\u0105cznie na naturalnych sk\u0142adnikach, takich jak ekstrakty z czarnego czosnku, algi francuskie oraz olejek tymiankowy. Ze wzgl\u0119du na skuteczno\u015b\u0107 i brak chemikali\u00f3w, <b>dzia\u0142anie Normadex<\/b> przyci\u0105ga uwag\u0119 os\u00f3b poszukuj\u0105cych naturalnych rozwi\u0105za\u0144 w walce z paso\u017cytami.<\/p>\n\n\n\n<p>Badania kliniczne wykaza\u0142y, \u017ce <b>dzia\u0142anie Normadex<\/b> przyczynia si\u0119 do poprawy zdrowia metabolicznego i zwi\u0119ksza poziom energii. <b>Suplement<\/b> ten boostuje naturalne mechanizmy obronne organizmu, co jest kluczowe dla os\u00f3b borykaj\u0105cych si\u0119 z problemami zdrowotnymi wywo\u0142anymi przez <b>paso\u017cyty<\/b>. Warto podkre\u015bli\u0107, \u017ce normadex mo\u017cna stosowa\u0107 przez okres 3 miesi\u0119cy, co zapewnia optymalne rezultaty oczyszczania.<\/p>\n\n\n\n<p>Bezpiecze\u0144stwo u\u017cytkowania Normadex jest wysoka, a ewentualne reakcje alergiczne s\u0105 rzadko\u015bci\u0105, zwi\u0105zane g\u0142\u00f3wnie z indywidualn\u0105 nietolerancj\u0105 na kt\u00f3re\u015b ze sk\u0142adnik\u00f3w. Dzi\u0119ki temu, <b>co to jest Normadex<\/b> jest znane jako skuteczny spos\u00f3b na popraw\u0119 og\u00f3lnego samopoczucia i koncentracji. Osoby stosuj\u0105ce ten <b>suplement<\/b> zauwa\u017caj\u0105 zwi\u0119kszenie witalno\u015bci i lepsze funkcjonowanie uk\u0142adu pokarmowego.<\/p>\n\n\n\n<h2 class=\"wp-block-heading\">Korzy\u015bci ze stosowania Normadex &#8211; Efekty<\/h2>\n\n\n\n<p>Ekstrakt z pio\u0142unu, kt\u00f3ry znajduje si\u0119 w sk\u0142adzie Normadex, ma w\u0142a\u015bciwo\u015bci przeciwpaso\u017cytnicze oraz przeciwbakteryjne. Stosowanie suplementu przyczynia si\u0119 do efektywnego eliminowania paso\u017cyt\u00f3w z organizmu. Dzi\u0119ki temu u\u017cytkownicy mog\u0105 zauwa\u017cy\u0107 znacz\u0105c\u0105 popraw\u0119 w ich samopoczuciu oraz w zakresie trawienia. <b>Korzy\u015bci Normadex<\/b> widoczne s\u0105 r\u00f3wnie\u017c w poprawie energii, co wp\u0142ywa na codzienn\u0105 aktywno\u015b\u0107 i og\u00f3ln\u0105 jako\u015b\u0107 \u017cycia.<\/p>\n\n\n\n<p>Kolejnym istotnym sk\u0142adnikiem jest ekstrakt z orzecha w\u0142oskiego, kt\u00f3ry dzia\u0142a przeciwzapalnie, a tak\u017ce wspiera uk\u0142ad trawienny. W efekcie stosowania nast\u0119puje skuteczne oczyszczanie organizmu z toksyn. <em>Wsparcie zdrowotne<\/em> zapewniane przez Normadex przyczynia si\u0119 do wzmocnienia systemu immunologicznego, co jest szczeg\u00f3lnie wa\u017cne w okresach wzmo\u017conej zachorowalno\u015bci.<\/p>\n\n\n\n<p>Czosnek, obecny w Normadexie, wykazuje dzia\u0142anie podobne do naturalnego antybiotyku. Zwalcza <b>paso\u017cyty<\/b> i wspiera odporno\u015b\u0107 organizmu, co dodatkowo potwierdza jego efektywno\u015b\u0107. Ekstrakt z go\u017adzik\u00f3w w Normadexie znany jest z silnych w\u0142a\u015bciwo\u015bci przeciwbakteryjnych i przeciwpaso\u017cytniczych, skutecznie eliminuj\u0105c jaja paso\u017cyt\u00f3w. Regularne przyjmowanie suplementu mo\u017ce przynie\u015b\u0107 tak\u017ce korzy\u015bci w postaci lepszej kondycji sk\u00f3ry oraz og\u00f3lnego o\u017cywienia organizmu.<\/p>\n\n\n\n<figure class=\"wp-block-table\"><table class=\"has-fixed-layout\"><tbody><tr><th>Korzy\u015bci Normadex<\/th><th>Efekty Stosowania<\/th><th>Wsparcie Zdrowotne<\/th><\/tr><tr><td>Eliminacja paso\u017cyt\u00f3w jelitowych<\/td><td>Poprawa trawienia<\/td><td>Wzmocnienie systemu immunologicznego<\/td><\/tr><tr><td>Oczyszczenie organizmu z toksyn<\/td><td>Wzrost energii<\/td><td>Naturalna antybiotyka<\/td><\/tr><tr><td>Poprawa kondycji sk\u00f3ry<\/td><td>Og\u00f3lne polepszenie samopoczucia<\/td><td>Wsparcie w okresach wzmo\u017conej zachorowalno\u015bci<\/td><\/tr><\/tbody><\/table><\/figure>\n\n\n\n<p>Stosowanie Normadex nie tylko przynosi dora\u017ane efekty, ale tak\u017ce wp\u0142ywa na popraw\u0119 zdrowia na d\u0142u\u017csz\u0105 met\u0119. Wzrost popularno\u015bci suplementu w Polsce potwierdzaj\u0105 liczne pozytywne <b>recenzje<\/b>. U\u017cytkownicy chwal\u0105 go za skuteczno\u015b\u0107 oraz naturalny sk\u0142ad, co przyczynia si\u0119 do budowania zaufania do produktu. Regularne stosowanie Normadex mo\u017ce sta\u0107 si\u0119 cz\u0119\u015bci\u0105 zdrowego stylu \u017cycia, co zach\u0119ca do jego wypr\u00f3bowania.<\/p>\n\n\n\n<h2 class=\"wp-block-heading\">Jak stosowa\u0107 Normadex? &#8211; Dawkowanie<\/h2>\n\n\n\n<p>Zalecane <em>dawkowanie Normadex<\/em> to 2 kapsu\u0142ki dziennie, przyjmowane najlepiej podczas posi\u0142ku. Regularne stosowanie preparatu przez co najmniej 30 dni przyczynia si\u0119 do osi\u0105gni\u0119cia optymalnych wynik\u00f3w. W\u0142a\u015bciwe dawkowanie jest istotne dla efektywno\u015bci dzia\u0142ania suplementu.<\/p>\n\n\n\n<p>W ulotce do\u0142\u0105czonej do opakowania znajduje si\u0119 szczeg\u00f3\u0142owa <em>instrukcja<\/em> dotycz\u0105ca tego, <b>jak stosowa\u0107<\/b> Normadex. Preparat mo\u017ce by\u0107 przyjmowany rano przed posi\u0142kiem lub wieczorem, a zachowanie 12-godzinnych odst\u0119p\u00f3w mi\u0119dzy dawkami zwi\u0119ksza jego skuteczno\u015b\u0107. Warto przestrzega\u0107 tych wskaz\u00f3wek, aby maksymalnie wykorzysta\u0107 potencja\u0142 suplementu.<\/p>\n\n\n\n<p>Normadex jest bezpieczny dla os\u00f3b w ka\u017cdym wieku, jednak istniej\u0105 pewne <em>przeciwwskazania<\/em> do stosowania, takie jak indywidualna nietolerancja sk\u0142adnik\u00f3w oraz przewlek\u0142e choroby przewodu pokarmowego. Konsultacja z lekarzem w przypadku w\u0105tpliwo\u015bci jest zawsze zalecana dla zapewnienia bezpiecze\u0144stwa u\u017cytkownika.<\/p>\n\n\n\n<figure class=\"wp-block-table\"><table class=\"has-fixed-layout\"><tbody><tr><th>Wskazania do stosowania<\/th><th>Dawkowanie<\/th><th>Ocena skuteczno\u015bci<\/th><\/tr><tr><td>Osoby podejrzewaj\u0105ce obecno\u015b\u0107 paso\u017cyt\u00f3w<\/td><td>2 kapsu\u0142ki dziennie<\/td><td>Wysoka, po 30 dniach stosowania<\/td><\/tr><tr><td>Profilaktyka zdrowotna<\/td><td>1 kapsu\u0142ka rano lub wieczorem<\/td><td>Wysoka, regularne stosowanie<\/td><\/tr><\/tbody><\/table><\/figure>\n\n\n\n<h2 class=\"wp-block-heading\">Normadex &#8211; Opinie i Recenzje, Forum<\/h2>\n\n\n\n<p><b>Opinie Normadex<\/b> dost\u0119pne na r\u00f3\u017cnych platformach wskazuj\u0105 na wysok\u0105 satysfakcj\u0119 u\u017cytkownik\u00f3w. Wiele os\u00f3b dzieli si\u0119 swoimi do\u015bwiadczeniami na forum dyskusyjnym, co mo\u017ce by\u0107 pomocne dla potencjalnych klient\u00f3w zastanawiaj\u0105cych si\u0119 nad stosowaniem tego suplementu. Oto kilka szczeg\u00f3\u0142owych recenzji:<\/p>\n\n\n\n<blockquote class=\"wp-block-quote is-layout-flow wp-block-quote-is-layout-flow\">\n<p><em>Marta:<\/em> \u201eStosuj\u0119 Normadex od dw\u00f3ch miesi\u0119cy i zauwa\u017cy\u0142am znaczn\u0105 popraw\u0119 trawienia. Czuj\u0119 si\u0119 lepiej i pe\u0142na energii! Po rozpocz\u0119ciu kuracji zauwa\u017cy\u0142am, \u017ce moja codzienna aktywno\u015b\u0107 sta\u0142a si\u0119 bardziej efektywna, a samopoczucie znacznie si\u0119 poprawi\u0142o.\u201d<\/p>\n<\/blockquote>\n\n\n\n<blockquote class=\"wp-block-quote is-layout-flow wp-block-quote-is-layout-flow\">\n<p><em>Krzysztof:<\/em> \u201ePo kilku tygodniach stosowania suplementu dostrzeg\u0142em popraw\u0119 w kondycji mojej sk\u00f3ry oraz samopoczucia. To zdecydowanie \u015bwietny produkt! Zauwa\u017cy\u0142em tak\u017ce, \u017ce poziom mojej energii wzr\u00f3s\u0142, co z pewno\u015bci\u0105 poprawi\u0142o moj\u0105 og\u00f3ln\u0105 jako\u015b\u0107 \u017cycia. Dzi\u0119ki recenzjom z forum, zdecydowa\u0142em si\u0119 wypr\u00f3bowa\u0107 Normadex.\u201d<\/p>\n<\/blockquote>\n\n\n\n<blockquote class=\"wp-block-quote is-layout-flow wp-block-quote-is-layout-flow\">\n<p><em>Anna:<\/em> \u201eZdecydowa\u0142am si\u0119 na Normadex po komentarzach na forum. Po miesi\u0105cu stosowania organizm naprawd\u0119 si\u0119 oczy\u015bci\u0142, a ja czuj\u0119 si\u0119 jak nowa osoba! To nie tylko suplement, ale tak\u017ce krok ku lepszemu zdrowiu. Na pewno wr\u00f3c\u0119 do niego w przysz\u0142o\u015bci!\u201d<\/p>\n<\/blockquote>\n\n\n\n<p>Te <b>opinie Normadex<\/b> ukazuj\u0105, \u017ce u\u017cytkownicy zauwa\u017caj\u0105 znaczn\u0105 popraw\u0119 w funkcjonowaniu swojego cia\u0142a. Dobrze oceniane efekty dzia\u0142ania w zakresie oczyszczania oraz wzrostu energii przyci\u0105gaj\u0105 nowe osoby na <b>forum dyskusyjne<\/b>, gdzie mo\u017cna wymienia\u0107 si\u0119 do\u015bwiadczeniami i uzyska\u0107 dodatkowe informacje na temat tego suplementu. Warto rzuci\u0107 okiem na te rekomendacje, by podj\u0105\u0107 \u015bwiadom\u0105 decyzj\u0119 o jego stosowaniu.<\/p>\n\n\n\n<h2 class=\"wp-block-heading\">Normadex &#8211; Sk\u0142ad &#8211; Analiza sk\u0142adnik\u00f3w<\/h2>\n\n\n\n<p>Suplement Normadex charakteryzuje si\u0119 starannie dobranym <em>sk\u0142adem normadex<\/em>, kt\u00f3ry oparty jest na naturalnych sk\u0142adnikach. W\u015br\u00f3d nich znajduj\u0105 si\u0119:<\/p>\n\n\n\n<ul class=\"wp-block-list\">\n<li>Ekstrakt z czosnku \u2013 znany z w\u0142a\u015bciwo\u015bci przeciwbakteryjnych i detoksykuj\u0105cych.<\/li>\n\n\n\n<li>Artemisia annua \u2013 ro\u015blina wspieraj\u0105ca eliminacj\u0119 paso\u017cyt\u00f3w.<\/li>\n\n\n\n<li>\u0141upina orzecha czarnego \u2013 traditionalnie stosowana w celu wsparcia uk\u0142adu pokarmowego.<\/li>\n\n\n\n<li>Cynamon i olejek tymiankowy \u2013 <b>naturalne sk\u0142adniki<\/b> pomagaj\u0105ce w detoksykacji organizmu.<\/li>\n\n\n\n<li>Algi czerwone \u2013 bogate w sk\u0142adniki od\u017cywcze, wspieraj\u0105 metabolizm.<\/li>\n<\/ul>\n\n\n\n<p>Ka\u017cdy z tych sk\u0142adnik\u00f3w ma swoje unikalne w\u0142a\u015bciwo\u015bci, co zosta\u0142o poddane <em>analizie sk\u0142adnik\u00f3w<\/em> Normadex. Takie podej\u015bcie zapewnia wysok\u0105 skuteczno\u015b\u0107 w walce z paso\u017cytami oraz wsparcie dla og\u00f3lnej kondycji organizmu.<\/p>\n\n\n\n<p>Warto podkre\u015bli\u0107, \u017ce produkt nie zawiera sztucznych dodatk\u00f3w ani konserwant\u00f3w, co czyni go odpowiednim dla wegan i os\u00f3b preferuj\u0105cych naturalne rozwi\u0105zania zdrowotne. U\u017cytkownicy zwracaj\u0105 uwag\u0119 na pozytywne efekty suplementacji, takie jak poprawa stanu sk\u00f3ry, lepsze trawienie oraz og\u00f3lne samopoczucie.<\/p>\n\n\n\n<p>Pomimo naturalnego sk\u0142adu, stosowanie Normadex mo\u017ce wi\u0105za\u0107 si\u0119 z drobnymi dolegliwo\u015bciami, takimi jak wzd\u0119cia czy rozdra\u017cnienie \u017co\u0142\u0105dka, kt\u00f3re zazwyczaj s\u0105 przej\u015bciowe. Zachowanie ostro\u017cno\u015bci w przypadku alergii jest wskazane, a w przypadku wyst\u0105pienia nieprzyjemnych objaw\u00f3w warto rozwa\u017cy\u0107 przerwanie terapii i konsultacj\u0119 z lekarzem.<\/p>\n\n\n\n<h2 class=\"wp-block-heading\">Gdzie kupi\u0107 i Ile kosztuje Normadex &#8211; cena<\/h2>\n\n\n\n<p>Normadex to <b>suplement diety<\/b>, kt\u00f3ry mo\u017cna zakupi\u0107 wy\u0142\u0105cznie na stronie oficjalnego producenta. Taka strategia sprzeda\u017cy ma na celu zapewnienie autentyczno\u015bci i jako\u015bci produktu. Zakup na <em>oficjalnej stronie producenta<\/em> pozwala r\u00f3wnie\u017c skorzysta\u0107 z systematycznych promocji, kt\u00f3re mog\u0105 obni\u017cy\u0107 <em>cen\u0119<\/em> suplementu nawet o 50%. Ceny mog\u0105 si\u0119 r\u00f3\u017cni\u0107, w zale\u017cno\u015bci od aktualnych ofert, co sprawia, \u017ce Normadex staje si\u0119 bardziej dost\u0119pny dla klient\u00f3w.<\/p>\n\n\n\n<h2 class=\"wp-block-heading\">Potencjalne skutki uboczne i przeciwwskazania do stosowania Normadex<\/h2>\n\n\n\n<p>Chocia\u017c Normadex jest stworzony z naturalnych sk\u0142adnik\u00f3w znanych ze swoich w\u0142a\u015bciwo\u015bci wspomagaj\u0105cych zdrowie, istniej\u0105 pewne <strong>skutki uboczne Normadex<\/strong>, kt\u00f3re mog\u0105 pojawi\u0107 si\u0119. U niekt\u00f3rych os\u00f3b mog\u0105 wyst\u0105pi\u0107 reakcje alergiczne, b\u0105d\u017a dolegliwo\u015bci ze strony uk\u0142adu pokarmowego, jak b\u00f3le brzucha czy dyskomfort. Z tego wzgl\u0119du, wa\u017cne jest, aby osoby z alergiami na sk\u0142adniki ro\u015blinne przed rozpocz\u0119ciem kuracji skonsultowa\u0142y si\u0119 z lekarzem.<\/p>\n\n\n\n<p>Warto pami\u0119ta\u0107 o <strong>przeciwwskazaniach<\/strong> do stosowania Normadex, zw\u0142aszcza dla kobiet w ci\u0105\u017cy i karmi\u0105cych, kt\u00f3re powinny by\u0107 ostro\u017cne w stosowaniu wszelkich suplement\u00f3w diety. W przypadku wyst\u0105pienia jakichkolwiek niepo\u017c\u0105danych reakcji, zaleca si\u0119 natychmiastowe zaprzestanie stosowania produktu oraz skontaktowanie si\u0119 z specjalist\u0105, aby oceni\u0107 dalsze mo\u017cliwo\u015bci leczenia.<\/p>\n\n\n\n<p>Podczas kiedy wiele os\u00f3b zaznacza <strong>bezpiecze\u0144stwo stosowania<\/strong> Normadex w kontek\u015bcie jego sk\u0142adnik\u00f3w, odpowiednie dawkowanie oraz przestrzeganie zalece\u0144 mo\u017ce znacz\u0105co obni\u017cy\u0107 ryzyko wyst\u0105pienia skutk\u00f3w ubocznych. Zachowanie ostro\u017cno\u015bci i \u015bwiadomo\u015b\u0107 w\u0142asnego organizmu to kluczowe elementy, kt\u00f3re powinny towarzyszy\u0107 kuracji suplementem.<\/p>\n","protected":false},"excerpt":{"rendered":"<p>Co to jest Normadex i jak dzia\u0142a? Normadex to suplement diety stworzony z my\u015bl\u0105 o oczyszczaniu organizmu z paso\u017cyt\u00f3w oraz wspieraniu systemu odporno\u015bciowego. Jego unikalny sk\u0142ad oparty jest wy\u0142\u0105cznie na naturalnych sk\u0142adnikach, takich jak ekstrakty z czarnego czosnku, algi francuskie oraz olejek tymiankowy. Ze wzgl\u0119du na skuteczno\u015b\u0107 i brak chemikali\u00f3w, dzia\u0142anie Normadex przyci\u0105ga uwag\u0119 os\u00f3b&hellip;&nbsp;<a href=\"https:\/\/smile-secret.pl\/supp\/normadex\/\" rel=\"bookmark\">Read More &raquo;<span class=\"screen-reader-text\">Normadex<\/span><\/a><\/p>\n","protected":false},"featured_media":1380,"comment_status":"open","ping_status":"closed","template":"","meta":{"neve_meta_sidebar":"","neve_meta_container":"","neve_meta_enable_content_width":"","neve_meta_content_width":0,"neve_meta_title_alignment":"","neve_meta_author_avatar":"","neve_post_elements_order":"","neve_meta_disable_header":"","neve_meta_disable_footer":"","neve_meta_disable_title":"","neve_meta_reading_time":""},"product_brand":[],"product_cat":[21],"product_tag":[],"class_list":{"0":"post-1381","1":"product","2":"type-product","3":"status-publish","4":"has-post-thumbnail","6":"product_cat-zdrowie","8":"first","9":"instock","10":"sale","11":"shipping-taxable","12":"product-type-external"},"_links":{"self":[{"href":"https:\/\/smile-secret.pl\/supp\/wp-json\/wp\/v2\/product\/1381","targetHints":{"allow":["GET"]}}],"collection":[{"href":"https:\/\/smile-secret.pl\/supp\/wp-json\/wp\/v2\/product"}],"about":[{"href":"https:\/\/smile-secret.pl\/supp\/wp-json\/wp\/v2\/types\/product"}],"replies":[{"embeddable":true,"href":"https:\/\/smile-secret.pl\/supp\/wp-json\/wp\/v2\/comments?post=1381"}],"wp:featuredmedia":[{"embeddable":true,"href":"https:\/\/smile-secret.pl\/supp\/wp-json\/wp\/v2\/media\/1380"}],"wp:attachment":[{"href":"https:\/\/smile-secret.pl\/supp\/wp-json\/wp\/v2\/media?parent=1381"}],"wp:term":[{"taxonomy":"product_brand","embeddable":true,"href":"https:\/\/smile-secret.pl\/supp\/wp-json\/wp\/v2\/product_brand?post=1381"},{"taxonomy":"product_cat","embeddable":true,"href":"https:\/\/smile-secret.pl\/supp\/wp-json\/wp\/v2\/product_cat?post=1381"},{"taxonomy":"product_tag","embeddable":true,"href":"https:\/\/smile-secret.pl\/supp\/wp-json\/wp\/v2\/product_tag?post=1381"}],"curies":[{"name":"wp","href":"https:\/\/api.w.org\/{rel}","templated":true}]}}